{"id":245,"date":"2025-06-26T05:29:20","date_gmt":"2025-06-26T05:29:20","guid":{"rendered":"https:\/\/start.vn\/?page_id=245"},"modified":"2025-06-26T07:19:37","modified_gmt":"2025-06-26T07:19:37","slug":"project-management","status":"publish","type":"page","link":"https:\/\/start.vn\/index.php\/project-management\/","title":{"rendered":"Project Management"},"content":{"rendered":"<div  class=\"ultp-post-grid-block wp-block-ultimate-post-post-list-3 ultp-block-177f09\"><div class=\"ultp-block-wrapper\"><div class=\"ultp-loading\"><div class=\"ultp-loading-blocks\" style=\"width:100%;height:100%;\"><div style=\"left: 0;top: 0;animation-delay:0s;\"><\/div><div style=\"left: 21px;top: 0;animation-delay:0.125s;\"><\/div><div style=\"left: 42px;top: 0;animation-delay:0.25s;\"><\/div><div style=\"left: 0;top: 21px;animation-delay:0.875s;\"><\/div><div style=\"left: 42px;top: 21px;animation-delay:0.375s;\"><\/div><div style=\"left: 0;top: 42px;animation-delay:0.75s;\"><\/div><div style=\"left: 42px;top: 42px;animation-delay:0.625s;\"><\/div><div style=\"left: 21px;top: 42px;animation-delay:0.5s;\"><\/div><\/div><\/div><div class=\"ultp-heading-filter\"><div class=\"ultp-heading-filter-in\"><div class=\"ultp-heading-wrap ultp-heading-style8 ultp-heading-left\"><h2 class=\"ultp-heading-inner\"><span>Don&#8217;t Miss<\/span><\/h2><\/div><div class=\"ultp-filter-navigation\"><\/div><\/div><\/div><div class=\"ultp-block-items-wrap ultp-block-row ultp-block-column-1 ultp-block-content-middle ultp-layout1\"><div class=\"ultp-block-item ultp-block-media post-id-295\"><div class=\"ultp-block-content-wrap\"><div class=\"ultp-block-image ultp-block-image-none\"><a href=\"https:\/\/start.vn\/index.php\/2025\/06\/26\/luyen-phan-xa-thi-pmp-p3\/\" ><img decoding=\"async\"  alt=\"Close-up of hand writing in notebook using a blue pen, focus on creativity.\"  src=\"https:\/\/start.vn\/wp-content\/uploads\/2025\/06\/pexels-photo-210661-210661-600x600.jpg\" \/><\/a><div class=\"ultp-category-img-grid\"><div class=\"ultp-category-grid ultp-category-classic ultp-category-topLeft\"><div class=\"ultp-category-in ultp-cat-color-1\"><a class=\"ultp-cat-pmp ultp-cat-only-color-1\" href=\"https:\/\/start.vn\/index.php\/category\/pmp\/\" style=\"background-color: #CE2746;\" >PMP<\/a><\/div><\/div><\/div><\/div><div class=\"ultp-block-content\"><div class=\"ultp-block-meta ultp-block-meta-emptyspace ultp-block-meta-icon\"><span class=\"ultp-block-date ultp-block-meta-element\"><svg xmlns=\"http:\/\/www.w3.org\/2000\/svg\" viewBox=\"0 0 18 19\"><path d=\"M4.60069444,4.09375 L3.25,4.09375 C2.47334957,4.09375 1.84375,4.72334957 1.84375,5.5 L1.84375,7.26736111 L16.15625,7.26736111 L16.15625,5.5 C16.15625,4.72334957 15.5266504,4.09375 14.75,4.09375 L13.3993056,4.09375 L13.3993056,4.55555556 C13.3993056,5.02154581 13.0215458,5.39930556 12.5555556,5.39930556 C12.0895653,5.39930556 11.7118056,5.02154581 11.7118056,4.55555556 L11.7118056,4.09375 L6.28819444,4.09375 L6.28819444,4.55555556 C6.28819444,5.02154581 5.9104347,5.39930556 5.44444444,5.39930556 C4.97845419,5.39930556 4.60069444,5.02154581 4.60069444,4.55555556 L4.60069444,4.09375 Z M6.28819444,2.40625 L11.7118056,2.40625 L11.7118056,1 C11.7118056,0.534009742 12.0895653,0.15625 12.5555556,0.15625 C13.0215458,0.15625 13.3993056,0.534009742 13.3993056,1 L13.3993056,2.40625 L14.75,2.40625 C16.4586309,2.40625 17.84375,3.79136906 17.84375,5.5 L17.84375,15.875 C17.84375,17.5836309 16.4586309,18.96875 14.75,18.96875 L3.25,18.96875 C1.54136906,18.96875 0.15625,17.5836309 0.15625,15.875 L0.15625,5.5 C0.15625,3.79136906 1.54136906,2.40625 3.25,2.40625 L4.60069444,2.40625 L4.60069444,1 C4.60069444,0.534009742 4.97845419,0.15625 5.44444444,0.15625 C5.9104347,0.15625 6.28819444,0.534009742 6.28819444,1 L6.28819444,2.40625 Z M1.84375,8.95486111 L1.84375,15.875 C1.84375,16.6516504 2.47334957,17.28125 3.25,17.28125 L14.75,17.28125 C15.5266504,17.28125 16.15625,16.6516504 16.15625,15.875 L16.15625,8.95486111 L1.84375,8.95486111 Z\"\/><\/svg>Jun 26, 2025<\/span><\/div><h3 class=\"ultp-block-title \"><a href=\"https:\/\/start.vn\/index.php\/2025\/06\/26\/luyen-phan-xa-thi-pmp-p3\/\" >Luy\u1ec7n ph\u1ea3n x\u1ea1 thi PMP (P3)<\/a><\/h3><div class=\"ultp-block-excerpt\"><p>C\u00e1c c\u00e2u h\u1ecfi luy\u1ec7n ph\u1ea3n x\u1ea1 li\u00ean quan \u0111\u1ebfn gi\u1ea3i quy\u1ebft xung \u0111\u1ed9t:<\/p>\n<\/div><\/div><\/div><\/div><div class=\"ultp-block-item ultp-block-media post-id-289\"><div class=\"ultp-block-content-wrap\"><div class=\"ultp-block-image ultp-block-image-none\"><a href=\"https:\/\/start.vn\/index.php\/2025\/06\/26\/luyen-phan-xa-thi-pmp-p2\/\" ><img decoding=\"async\"  alt=\"Luy\u1ec7n ph\u1ea3n x\u1ea1 thi PMP (P2)\"  src=\"https:\/\/start.vn\/wp-content\/uploads\/2025\/06\/Screenshot_1-1-600x600.png\" \/><\/a><div class=\"ultp-category-img-grid\"><div class=\"ultp-category-grid ultp-category-classic ultp-category-topLeft\"><div class=\"ultp-category-in ultp-cat-color-1\"><a class=\"ultp-cat-pmp ultp-cat-only-color-1\" href=\"https:\/\/start.vn\/index.php\/category\/pmp\/\" style=\"background-color: #CE2746;\" >PMP<\/a><\/div><\/div><\/div><\/div><div class=\"ultp-block-content\"><div class=\"ultp-block-meta ultp-block-meta-emptyspace ultp-block-meta-icon\"><span class=\"ultp-block-date ultp-block-meta-element\"><svg xmlns=\"http:\/\/www.w3.org\/2000\/svg\" viewBox=\"0 0 18 19\"><path d=\"M4.60069444,4.09375 L3.25,4.09375 C2.47334957,4.09375 1.84375,4.72334957 1.84375,5.5 L1.84375,7.26736111 L16.15625,7.26736111 L16.15625,5.5 C16.15625,4.72334957 15.5266504,4.09375 14.75,4.09375 L13.3993056,4.09375 L13.3993056,4.55555556 C13.3993056,5.02154581 13.0215458,5.39930556 12.5555556,5.39930556 C12.0895653,5.39930556 11.7118056,5.02154581 11.7118056,4.55555556 L11.7118056,4.09375 L6.28819444,4.09375 L6.28819444,4.55555556 C6.28819444,5.02154581 5.9104347,5.39930556 5.44444444,5.39930556 C4.97845419,5.39930556 4.60069444,5.02154581 4.60069444,4.55555556 L4.60069444,4.09375 Z M6.28819444,2.40625 L11.7118056,2.40625 L11.7118056,1 C11.7118056,0.534009742 12.0895653,0.15625 12.5555556,0.15625 C13.0215458,0.15625 13.3993056,0.534009742 13.3993056,1 L13.3993056,2.40625 L14.75,2.40625 C16.4586309,2.40625 17.84375,3.79136906 17.84375,5.5 L17.84375,15.875 C17.84375,17.5836309 16.4586309,18.96875 14.75,18.96875 L3.25,18.96875 C1.54136906,18.96875 0.15625,17.5836309 0.15625,15.875 L0.15625,5.5 C0.15625,3.79136906 1.54136906,2.40625 3.25,2.40625 L4.60069444,2.40625 L4.60069444,1 C4.60069444,0.534009742 4.97845419,0.15625 5.44444444,0.15625 C5.9104347,0.15625 6.28819444,0.534009742 6.28819444,1 L6.28819444,2.40625 Z M1.84375,8.95486111 L1.84375,15.875 C1.84375,16.6516504 2.47334957,17.28125 3.25,17.28125 L14.75,17.28125 C15.5266504,17.28125 16.15625,16.6516504 16.15625,15.875 L16.15625,8.95486111 L1.84375,8.95486111 Z\"\/><\/svg>Jun 26, 2025<\/span><\/div><h3 class=\"ultp-block-title \"><a href=\"https:\/\/start.vn\/index.php\/2025\/06\/26\/luyen-phan-xa-thi-pmp-p2\/\" >Luy\u1ec7n ph\u1ea3n x\u1ea1 thi PMP (P2)<\/a><\/h3><div class=\"ultp-block-excerpt\"><p>Ngo\u00e0i c\u00e1c c\u00e2u h\u1ecfi t\u00ecnh hu\u1ed1ng, c\u00f3 th\u1ec3 luy\u1ec7n th\u00eam ph\u1ea3n x\u1ea1 c\u00e1c c\u00e2u h\u1ecfi l\u00fd thuy\u1ebft:<\/p>\n<\/div><\/div><\/div><\/div><div class=\"ultp-block-item ultp-block-media post-id-215\"><div class=\"ultp-block-content-wrap\"><div class=\"ultp-block-image ultp-block-image-none\"><a href=\"https:\/\/start.vn\/index.php\/2025\/06\/26\/luyen-phan-xa-thi-pmp\/\" ><img decoding=\"async\"  alt=\"Luy\u1ec7n ph\u1ea3n x\u1ea1 thi PMP (P1)\"  src=\"https:\/\/start.vn\/wp-content\/uploads\/2025\/06\/Screenshot_2-600x600.png\" \/><\/a><div class=\"ultp-category-img-grid\"><div class=\"ultp-category-grid ultp-category-classic ultp-category-topLeft\"><div class=\"ultp-category-in ultp-cat-color-1\"><a class=\"ultp-cat-pmp ultp-cat-only-color-1\" href=\"https:\/\/start.vn\/index.php\/category\/pmp\/\" style=\"background-color: #CE2746;\" >PMP<\/a><\/div><\/div><\/div><\/div><div class=\"ultp-block-content\"><div class=\"ultp-block-meta ultp-block-meta-emptyspace ultp-block-meta-icon\"><span class=\"ultp-block-date ultp-block-meta-element\"><svg xmlns=\"http:\/\/www.w3.org\/2000\/svg\" viewBox=\"0 0 18 19\"><path d=\"M4.60069444,4.09375 L3.25,4.09375 C2.47334957,4.09375 1.84375,4.72334957 1.84375,5.5 L1.84375,7.26736111 L16.15625,7.26736111 L16.15625,5.5 C16.15625,4.72334957 15.5266504,4.09375 14.75,4.09375 L13.3993056,4.09375 L13.3993056,4.55555556 C13.3993056,5.02154581 13.0215458,5.39930556 12.5555556,5.39930556 C12.0895653,5.39930556 11.7118056,5.02154581 11.7118056,4.55555556 L11.7118056,4.09375 L6.28819444,4.09375 L6.28819444,4.55555556 C6.28819444,5.02154581 5.9104347,5.39930556 5.44444444,5.39930556 C4.97845419,5.39930556 4.60069444,5.02154581 4.60069444,4.55555556 L4.60069444,4.09375 Z M6.28819444,2.40625 L11.7118056,2.40625 L11.7118056,1 C11.7118056,0.534009742 12.0895653,0.15625 12.5555556,0.15625 C13.0215458,0.15625 13.3993056,0.534009742 13.3993056,1 L13.3993056,2.40625 L14.75,2.40625 C16.4586309,2.40625 17.84375,3.79136906 17.84375,5.5 L17.84375,15.875 C17.84375,17.5836309 16.4586309,18.96875 14.75,18.96875 L3.25,18.96875 C1.54136906,18.96875 0.15625,17.5836309 0.15625,15.875 L0.15625,5.5 C0.15625,3.79136906 1.54136906,2.40625 3.25,2.40625 L4.60069444,2.40625 L4.60069444,1 C4.60069444,0.534009742 4.97845419,0.15625 5.44444444,0.15625 C5.9104347,0.15625 6.28819444,0.534009742 6.28819444,1 L6.28819444,2.40625 Z M1.84375,8.95486111 L1.84375,15.875 C1.84375,16.6516504 2.47334957,17.28125 3.25,17.28125 L14.75,17.28125 C15.5266504,17.28125 16.15625,16.6516504 16.15625,15.875 L16.15625,8.95486111 L1.84375,8.95486111 Z\"\/><\/svg>Jun 26, 2025<\/span><\/div><h3 class=\"ultp-block-title \"><a href=\"https:\/\/start.vn\/index.php\/2025\/06\/26\/luyen-phan-xa-thi-pmp\/\" >Luy\u1ec7n ph\u1ea3n x\u1ea1 thi PMP (P1)<\/a><\/h3><div class=\"ultp-block-excerpt\"><p>Sau khi t\u1ed5ng h\u1ee3p ki\u1ebfn th\u1ee9c \u0111\u00e3 h\u1ecdc v\u00e0 l\u00e0m c\u00e1c b\u00e0i mocktest, t\u00f4i \u0111\u00e3 t\u1ed5ng h\u1ee3p c\u00e1c c\u00e2u h\u1ecfi \u0111\u1ec3 h\u1ed7 tr\u1ee3 luy\u1ec7n ph\u1ea3n x\u1ea1 khi g\u1eb7p trong \u0111\u1ec1 thi theo c\u00e1c ch\u1ee7 \u0111\u1ec1&#8230;<\/p>\n<\/div><\/div><\/div><\/div><\/div><div class=\"ultp-loadmore\"><\/div><\/div><div class=\"pagination-block-html\" aria-hidden=\"true\" style=\"display: none;\"><\/div><\/div>\n\n\n<p><\/p>\n","protected":false},"excerpt":{"rendered":"","protected":false},"author":1,"featured_media":0,"parent":0,"menu_order":0,"comment_status":"closed","ping_status":"closed","template":"ultp_page_template","meta":{"footnotes":""},"class_list":["post-245","page","type-page","status-publish","hentry"],"_links":{"self":[{"href":"https:\/\/start.vn\/index.php\/wp-json\/wp\/v2\/pages\/245","targetHints":{"allow":["GET"]}}],"collection":[{"href":"https:\/\/start.vn\/index.php\/wp-json\/wp\/v2\/pages"}],"about":[{"href":"https:\/\/start.vn\/index.php\/wp-json\/wp\/v2\/types\/page"}],"author":[{"embeddable":true,"href":"https:\/\/start.vn\/index.php\/wp-json\/wp\/v2\/users\/1"}],"replies":[{"embeddable":true,"href":"https:\/\/start.vn\/index.php\/wp-json\/wp\/v2\/comments?post=245"}],"version-history":[{"count":6,"href":"https:\/\/start.vn\/index.php\/wp-json\/wp\/v2\/pages\/245\/revisions"}],"predecessor-version":[{"id":314,"href":"https:\/\/start.vn\/index.php\/wp-json\/wp\/v2\/pages\/245\/revisions\/314"}],"wp:attachment":[{"href":"https:\/\/start.vn\/index.php\/wp-json\/wp\/v2\/media?parent=245"}],"curies":[{"name":"wp","href":"https:\/\/api.w.org\/{rel}","templated":true}]}}